{"id":89,"date":"2013-04-26T09:04:22","date_gmt":"2013-04-26T07:04:22","guid":{"rendered":"http:\/\/cdu-peine.de\/moedesse\/de\/?page_id=89"},"modified":"2024-03-02T17:25:12","modified_gmt":"2024-03-02T16:25:12","slug":"schiessport","status":"publish","type":"page","link":"https:\/\/www.moedesse.de\/?page_id=89","title":{"rendered":"Schie\u00dfsportabteilung"},"content":{"rendered":"\n<p class=\"has-text-align-center\"><strong>Aktuelles<\/strong><\/p>\n\n\n\n<p class=\"has-text-align-center\"><strong>Kontaktadresse:<\/strong><br>1. Schie\u00dfwart: <\/p>\n\n\n\n<p class=\"has-text-align-center\">Jenny Sukop Mobil: 0157-55987454<\/p>\n\n\n\n<p class=\"has-text-align-center\">Das Amt des Stellvertreters ist offen.<\/p>\n\n\n\n<p class=\"has-text-align-center\"><strong>Aktivit\u00e4ten der Schie\u00dfsportabteilung:<\/strong><\/p>\n\n\n\n<p class=\"has-text-align-center\">&nbsp;In jedem Jahr nehmen wir teil an:<\/p>\n\n\n\n<p class=\"has-text-align-center\">im 1. Quartal: am Luftgewehr-Pokalschie\u00dfen der Gemeinde Edemissen und unsere K\u00f6nige am Gemeindek\u00f6nigsschie\u00dfen<\/p>\n\n\n\n<p class=\"has-text-align-center\">im 3. Quartal: am Kleinkaliber-Pokalschie\u00dfen&nbsp; der Gemeinde Edemissen<\/p>\n\n\n\n<p class=\"has-text-align-center\">im Winterhalbjahr: am Schie\u00dfen um das gr\u00fcne Band der Gemeinde Edemissen<\/p>\n\n\n\n<p class=\"has-text-align-center\">Im gleichen Zeitraum schie\u00dfen Jugendmannschaften um ihren eigenen Pokal der Gemeinde Edemissen. Zur Zeit findet dieser Wettkampf mangels &#8222;Masse&#8220; leider nicht statt.<\/p>\n\n\n\n<p class=\"has-text-align-center\"><strong>Ausrichter dieser Wettk\u00e4mpfe sind die Vereinigten Sportsch\u00fctzen Edemissen e.V.<\/strong><\/p>\n\n\n\n<p class=\"has-text-align-center\">Jeden 2. Mittwoch im Monat treffen sich Sch\u00fctzen und Nichtsch\u00fctzen im Dorfgemeinschaftshaus, um ihren Sport auszu\u00fcben bzw. in geselliger Runde einige Stunden zu verbringen.<\/p>\n\n\n\n<p class=\"has-text-align-center\"><strong>R\u00fcckblicke<\/strong> <strong>und Geschichtliches<\/strong><\/p>\n\n\n\n<p class=\"has-text-align-center\"><strong>Valentinstag 2024 <\/strong>&#8211; es wurde auf eine Herzchen-Scheibe geschossen und man konnte Rosen gewinnen&#8230;<\/p>\n\n\n<div class=\"wp-block-image\">\n<figure class=\"aligncenter size-large is-resized\"><a href=\"https:\/\/moedesse.de\/wp-content\/uploads\/2024\/02\/WhatsApp-Image-2024-02-15-at-19.48.58.jpeg\"><img loading=\"lazy\" decoding=\"async\" width=\"576\" height=\"1024\" src=\"https:\/\/moedesse.de\/wp-content\/uploads\/2024\/02\/WhatsApp-Image-2024-02-15-at-19.48.58-576x1024.jpeg\" alt=\"\" class=\"wp-image-2189\" style=\"width:375px;height:auto\" srcset=\"https:\/\/moedesse.de\/wp-content\/uploads\/2024\/02\/WhatsApp-Image-2024-02-15-at-19.48.58-576x1024.jpeg 576w, https:\/\/moedesse.de\/wp-content\/uploads\/2024\/02\/WhatsApp-Image-2024-02-15-at-19.48.58-169x300.jpeg 169w, https:\/\/moedesse.de\/wp-content\/uploads\/2024\/02\/WhatsApp-Image-2024-02-15-at-19.48.58.jpeg 750w\" sizes=\"auto, (max-width: 576px) 100vw, 576px\" \/><\/a><\/figure><\/div>\n\n\n<p class=\"has-text-align-center\"><strong>Eine kleine Zeitreise unserer<br>Schie\u00dfsportabteilung<\/strong><\/p>\n\n\n\n<p class=\"has-text-align-center\">Bereits Anfang 1930 wurde das Schie\u00dfen als Freizeitgestaltung angeboten. Dazu wurde ein Kleinkaliberverein ins Leben gerufen. Der Schulmeister Heinrich Niehoff leitete diesen Verein. Heinrich Niehoff war auch zu dieser Zeit Kreissch\u00fctzenmeister. W\u00e4hrend der Kriegswirren wurde dieser Verein wieder aufgel\u00f6st. Nach dem Krieg, als die Besatzungsmacht wieder das Benutzen von Waffen erlaubte, fanden sich wieder m\u00e4nnliche Einwohner zusammen, die den Schie\u00dfsport aus\u00fcben wollten.<\/p>\n\n\n\n<p class=\"has-text-align-center\">Zun\u00e4chst wurde der Schie\u00dfsport auf dem noch bestehenden Kleinkaliberstand in Groves Holz ausge\u00fcbt. Der Schie\u00dfsport war bis 1979 nur den M\u00e4nnern unseres<br>Ortes vorbehalten. Da auch die weibliche Bev\u00f6lkerung den Schie\u00dfsport aus\u00fcben wollte, wagten es einige mutige Damen, eine<br>Damengruppe zu gr\u00fcnden.<\/p>\n\n\n\n<p class=\"has-text-align-center\">Lohn diesen Mutes war es, dass&nbsp;1979 die erste M\u00f6desser Damenk\u00f6nigin ausgeschossen wurde. Es k\u00f6nnen nunmehr alle Frauen des Ortes auf die K\u00f6nigsscheibe schie\u00dfen, nicht nur Sch\u00fctzinnen.<\/p>\n\n\n\n<p class=\"has-text-align-center\">Ab 1973 fanden nun regelm\u00e4\u00dfige Schie\u00dfabende in der Gastst\u00e4tte \u201eZum Neuen Krug\u201c auf dem dortigen Luftgewehr-Stand statt. Zwei Schie\u00dfst\u00e4nde standen dort zur Verf\u00fcgung.<\/p>\n\n\n\n<p class=\"has-text-align-center\">Der 1. Schie\u00dfwart, der gew\u00e4hlt wurde, war Heinrich Jarisch und seine Stellvertreter Werner Klemm und J\u00fcrgen H\u00fcbner. Sie waren bis 1973 im Amt.<\/p>\n\n\n\n<p class=\"has-text-align-center\">weitere Schie\u00dfwarte :<\/p>\n\n\n\n<p class=\"has-text-align-center\">1973 bis 1977 Helmuth K\u00f6hler\/ Stellvertreter: Wolfgang Grunert<\/p>\n\n\n\n<p class=\"has-text-align-center\">1977 bis 1986 Heinrich Jarisch\/ Stellvertreter: Hans Knothe<\/p>\n\n\n\n<p class=\"has-text-align-center\">1986 bis 2002 Hans Knothe\/ Stellvertreter: bis 2002 Harald Jarisch<\/p>\n\n\n\n<p class=\"has-text-align-center\">ab 2002 Norbert Schuh&nbsp; &nbsp; &nbsp; &nbsp; <\/p>\n\n\n\n<p class=\"has-text-align-center\">Stellvertreter bis 2006 Harald Jarisch<br>Stellvertreter von 2006 \u2013 2010 Hans Knothe<br>Stellvertreter&nbsp; ab 2010 &#8211; 2018&nbsp;Dirk Puschmann<\/p>\n\n\n\n<p class=\"has-text-align-center\">Stellvertreter seit 2018 Thomas Knothe<\/p>\n\n\n\n<p class=\"has-text-align-center\">Es waren immer gesellige Abende, die Herren sa\u00dfen auf dem Saal, um dem Schie\u00dfwart Gesellschaft zu leisten, die Damen lie\u00dfen sich im Gastst\u00e4ttenraum nieder. War ein Schie\u00dfstand frei, wurden wir wie folgt benachrichtigt: \u201e Ein Schie\u00dfstand ist frei, die n\u00e4chste kann schie\u00dfen\u201c.<\/p>\n\n\n\n<p class=\"has-text-align-center\">Nachweisbar stellten die Damen ab 1985 die gr\u00f6\u00dfte Gruppe, die am Schie\u00dfen teilnahm. Im Laufe der Jahre sind jedoch beide Gruppen gleich stark vertreten.<\/p>\n\n\n\n<p class=\"has-text-align-center\">Nach dem 1997 das Dorfgemeinschaftshaus gebaut wurde, finden die monatlichen Schie\u00dftermine dort statt. Es wurden neue Schie\u00dftische nebst Zubeh\u00f6r angeschafft und wir k\u00f6nnen nun auf 3 St\u00e4nden schie\u00dfen. Bei Bedarf ist eine Erweiterung auf 5 St\u00e4nde m\u00f6glich.<\/p>\n\n\n\n<figure class=\"wp-block-gallery has-nested-images columns-default is-cropped wp-block-gallery-1 is-layout-flex wp-block-gallery-is-layout-flex\">\n<figure class=\"wp-block-image size-large\"><a href=\"https:\/\/moedesse.de\/wp-content\/uploads\/2013\/04\/111.jpg\"><img loading=\"lazy\" decoding=\"async\" width=\"207\" height=\"164\" data-id=\"253\" src=\"https:\/\/moedesse.de\/wp-content\/uploads\/2013\/04\/111.jpg\" alt=\"\" class=\"wp-image-253\"\/><\/a><\/figure>\n\n\n\n<figure class=\"wp-block-image size-large\"><a href=\"https:\/\/moedesse.de\/wp-content\/uploads\/2013\/04\/210.jpg\"><img loading=\"lazy\" decoding=\"async\" width=\"229\" height=\"169\" data-id=\"254\" src=\"https:\/\/moedesse.de\/wp-content\/uploads\/2013\/04\/210.jpg\" alt=\"\" class=\"wp-image-254\"\/><\/a><\/figure>\n\n\n\n<figure class=\"wp-block-image size-large\"><a href=\"https:\/\/moedesse.de\/wp-content\/uploads\/2018\/09\/P1050886-Kopie.jpg\"><img loading=\"lazy\" decoding=\"async\" width=\"873\" height=\"620\" data-id=\"1317\" src=\"https:\/\/moedesse.de\/wp-content\/uploads\/2018\/09\/P1050886-Kopie.jpg\" alt=\"\" class=\"wp-image-1317\" srcset=\"https:\/\/moedesse.de\/wp-content\/uploads\/2018\/09\/P1050886-Kopie.jpg 873w, https:\/\/moedesse.de\/wp-content\/uploads\/2018\/09\/P1050886-Kopie-300x213.jpg 300w, https:\/\/moedesse.de\/wp-content\/uploads\/2018\/09\/P1050886-Kopie-768x545.jpg 768w, https:\/\/moedesse.de\/wp-content\/uploads\/2018\/09\/P1050886-Kopie-422x300.jpg 422w\" sizes=\"auto, (max-width: 873px) 100vw, 873px\" \/><\/a><\/figure>\n\n\n\n<figure class=\"wp-block-image size-large\"><a href=\"https:\/\/moedesse.de\/wp-content\/uploads\/2018\/09\/P1050884-Kopie.jpg\"><img loading=\"lazy\" decoding=\"async\" width=\"384\" height=\"724\" data-id=\"1316\" src=\"https:\/\/moedesse.de\/wp-content\/uploads\/2018\/09\/P1050884-Kopie.jpg\" alt=\"\" class=\"wp-image-1316\" srcset=\"https:\/\/moedesse.de\/wp-content\/uploads\/2018\/09\/P1050884-Kopie.jpg 384w, https:\/\/moedesse.de\/wp-content\/uploads\/2018\/09\/P1050884-Kopie-159x300.jpg 159w\" sizes=\"auto, (max-width: 384px) 100vw, 384px\" \/><\/a><\/figure>\n<\/figure>\n\n\n\n<p class=\"has-text-align-center\">Schie\u00dfabend<br>Schie\u00dfwart und Stellvertreter<\/p>\n\n\n\n<p class=\"has-text-align-center\">Dirk Puschmann Norbert Schuh<\/p>\n\n\n\n<p class=\"has-text-align-center\">Das Wertungsschie\u00dfen findet seit Jahren am 2. Mittwoch im Monat statt. Ab 2005 ist ein weiterer Schie\u00dftermin am 3. Mittwoch dazugekommen, das \u00dcbungsschie\u00dfen.<\/p>\n\n\n\n<p class=\"has-text-align-center\">Eine Jugendgruppe kam 2006 hinzu, die vor dem \u00dcbungsschie\u00dfen ihren Schie\u00dfsport aus\u00fcbt. Zwischenzeitlich sind leider nur sehr wenig Jugendliche aktiv.<\/p>\n\n\n\n<p class=\"has-text-align-center\">Zwei neue Luftdruckgewehre wurden 2006 gekauft und endlich im Jahr 2012 eine moderne Teilerauswertemaschine. Ein weiteres Gewehr wurde 2018 angeschafft.<\/p>\n\n\n\n<p class=\"has-text-align-center\">Wir, die Schie\u00dfabteilung, richten in unregelm\u00e4\u00dfiger Folge ein Armbrustschie\u00dfen im Dorfgemeinschaftshaus f\u00fcr das ganze Dorf aus. Eine Teilnahme an verschiedenen Preisschie\u00dfen in anderen Ortschaften ist auch m\u00f6glich, wie z.B. das Schweinepreisschie\u00dfen in Blumenhagen und neu hinzugekommen das Karabinerschie\u00dfen beim Vater Jahn Peine. Seit 2017 nehmen einige von unseren Sch\u00fctzen\/-innen daran teil und in diesem Jahr hat es geklappt: Andreas Jeske wurde Bester der Einzelsch\u00fctzen.<\/p>\n\n\n\n<p class=\"has-text-align-center\"><strong>Siegerfoto 3. von rechts Andreas Jeske<\/strong><\/p>\n\n\n<div class=\"wp-block-image\">\n<figure class=\"aligncenter size-full\"><a href=\"https:\/\/moedesse.de\/wp-content\/uploads\/2018\/09\/Karabiner-Pokalschie\u00dfen_2018_Siegerfoto-Kopie.jpg\"><img loading=\"lazy\" decoding=\"async\" width=\"920\" height=\"469\" src=\"https:\/\/moedesse.de\/wp-content\/uploads\/2018\/09\/Karabiner-Pokalschie\u00dfen_2018_Siegerfoto-Kopie.jpg\" alt=\"\" class=\"wp-image-1341\" srcset=\"https:\/\/moedesse.de\/wp-content\/uploads\/2018\/09\/Karabiner-Pokalschie\u00dfen_2018_Siegerfoto-Kopie.jpg 920w, https:\/\/moedesse.de\/wp-content\/uploads\/2018\/09\/Karabiner-Pokalschie\u00dfen_2018_Siegerfoto-Kopie-300x153.jpg 300w, https:\/\/moedesse.de\/wp-content\/uploads\/2018\/09\/Karabiner-Pokalschie\u00dfen_2018_Siegerfoto-Kopie-768x392.jpg 768w, https:\/\/moedesse.de\/wp-content\/uploads\/2018\/09\/Karabiner-Pokalschie\u00dfen_2018_Siegerfoto-Kopie-500x255.jpg 500w\" sizes=\"auto, (max-width: 920px) 100vw, 920px\" \/><\/a><\/figure><\/div>\n\n\n<p class=\"has-text-align-center\">Wichtig f\u00fcr unsere Abteilung und die VFG ist das j\u00e4hrliche Ausrichten des K\u00f6nigs-, Preis- und Pokalschie\u00dfens zum Volksfest. Der H\u00f6hepunkt von uns Schie\u00dfsportlern ist die Verteilung von Pokalen, Orden, Medaillen, Eicheln und Schn\u00fcren auf der Jahreshauptversammlung und die Bekanntgabe unseres Vereinsmeisters bzw. unserer Vereinsmeisterin.<\/p>\n\n\n\n<p class=\"has-text-align-center\"><strong>Medaillen-, Eichel- und Pokalgewinner der Schie\u00dfabteilung<\/strong><\/p>\n\n\n<div class=\"wp-block-image\">\n<figure class=\"aligncenter size-full\"><a href=\"https:\/\/moedesse.de\/wp-content\/uploads\/2018\/09\/2015-VFG-JHV-5.jpg\"><img loading=\"lazy\" decoding=\"async\" width=\"913\" height=\"568\" src=\"https:\/\/moedesse.de\/wp-content\/uploads\/2018\/09\/2015-VFG-JHV-5.jpg\" alt=\"\" class=\"wp-image-1342\" srcset=\"https:\/\/moedesse.de\/wp-content\/uploads\/2018\/09\/2015-VFG-JHV-5.jpg 913w, https:\/\/moedesse.de\/wp-content\/uploads\/2018\/09\/2015-VFG-JHV-5-300x187.jpg 300w, https:\/\/moedesse.de\/wp-content\/uploads\/2018\/09\/2015-VFG-JHV-5-768x478.jpg 768w, https:\/\/moedesse.de\/wp-content\/uploads\/2018\/09\/2015-VFG-JHV-5-482x300.jpg 482w\" sizes=\"auto, (max-width: 913px) 100vw, 913px\" \/><\/a><\/figure><\/div>\n\n\n<p class=\"has-text-align-center\"><strong>Pokal- und Preissieger vom Schie\u00dfen und Geehrte JHV 2019<\/strong><\/p>\n\n\n<div class=\"wp-block-image\">\n<figure class=\"aligncenter size-large\"><a href=\"https:\/\/moedesse.de\/wp-content\/uploads\/2019\/01\/IMG_1398-Kopie.jpg\"><img loading=\"lazy\" decoding=\"async\" width=\"1024\" height=\"650\" src=\"https:\/\/moedesse.de\/wp-content\/uploads\/2019\/01\/IMG_1398-Kopie-1024x650.jpg\" alt=\"\" class=\"wp-image-1475\" srcset=\"https:\/\/moedesse.de\/wp-content\/uploads\/2019\/01\/IMG_1398-Kopie-1024x650.jpg 1024w, https:\/\/moedesse.de\/wp-content\/uploads\/2019\/01\/IMG_1398-Kopie-300x191.jpg 300w, https:\/\/moedesse.de\/wp-content\/uploads\/2019\/01\/IMG_1398-Kopie-768x488.jpg 768w, https:\/\/moedesse.de\/wp-content\/uploads\/2019\/01\/IMG_1398-Kopie-472x300.jpg 472w, https:\/\/moedesse.de\/wp-content\/uploads\/2019\/01\/IMG_1398-Kopie.jpg 1047w\" sizes=\"auto, (max-width: 1024px) 100vw, 1024px\" \/><\/a><\/figure><\/div>","protected":false},"excerpt":{"rendered":"<p>Aktuelles Kontaktadresse:1. Schie\u00dfwart: Jenny Sukop Mobil: 0157-55987454 Das Amt des Stellvertreters ist offen. Aktivit\u00e4ten der Schie\u00dfsportabteilung: &nbsp;In jedem Jahr nehmen wir teil an: im 1. Quartal: am Luftgewehr-Pokalschie\u00dfen der Gemeinde Edemissen und unsere K\u00f6nige am Gemeindek\u00f6nigsschie\u00dfen im 3. Quartal: am &hellip; <a href=\"https:\/\/www.moedesse.de\/?page_id=89\">Weiterlesen <span class=\"meta-nav\">&rarr;<\/span><\/a><\/p>\n","protected":false},"author":1,"featured_media":0,"parent":0,"menu_order":0,"comment_status":"closed","ping_status":"closed","template":"","meta":{"_EventAllDay":false,"_EventTimezone":"","_EventStartDate":"","_EventEndDate":"","_EventStartDateUTC":"","_EventEndDateUTC":"","_EventShowMap":false,"_EventShowMapLink":false,"_EventURL":"","_EventCost":"","_EventCostDescription":"","_EventCurrencySymbol":"","_EventCurrencyCode":"","_EventCurrencyPosition":"","_EventDateTimeSeparator":"","_EventTimeRangeSeparator":"","_EventOrganizerID":[],"_EventVenueID":[],"_OrganizerEmail":"","_OrganizerPhone":"","_OrganizerWebsite":"","_VenueAddress":"","_VenueCity":"","_VenueCountry":"","_VenueProvince":"","_VenueState":"","_VenueZip":"","_VenuePhone":"","_VenueURL":"","_VenueStateProvince":"","_VenueLat":"","_VenueLng":"","_VenueShowMap":false,"_VenueShowMapLink":false,"footnotes":""},"class_list":["post-89","page","type-page","status-publish","hentry"],"_links":{"self":[{"href":"https:\/\/www.moedesse.de\/index.php?rest_route=\/wp\/v2\/pages\/89","targetHints":{"allow":["GET"]}}],"collection":[{"href":"https:\/\/www.moedesse.de\/index.php?rest_route=\/wp\/v2\/pages"}],"about":[{"href":"https:\/\/www.moedesse.de\/index.php?rest_route=\/wp\/v2\/types\/page"}],"author":[{"embeddable":true,"href":"https:\/\/www.moedesse.de\/index.php?rest_route=\/wp\/v2\/users\/1"}],"replies":[{"embeddable":true,"href":"https:\/\/www.moedesse.de\/index.php?rest_route=%2Fwp%2Fv2%2Fcomments&post=89"}],"version-history":[{"count":29,"href":"https:\/\/www.moedesse.de\/index.php?rest_route=\/wp\/v2\/pages\/89\/revisions"}],"predecessor-version":[{"id":2206,"href":"https:\/\/www.moedesse.de\/index.php?rest_route=\/wp\/v2\/pages\/89\/revisions\/2206"}],"wp:attachment":[{"href":"https:\/\/www.moedesse.de\/index.php?rest_route=%2Fwp%2Fv2%2Fmedia&parent=89"}],"curies":[{"name":"wp","href":"https:\/\/api.w.org\/{rel}","templated":true}]}}