{"id":2238,"date":"2024-06-03T14:47:31","date_gmt":"2024-06-03T12:47:31","guid":{"rendered":"https:\/\/www.moedesse.de\/?page_id=2238"},"modified":"2025-01-13T16:13:46","modified_gmt":"2025-01-13T15:13:46","slug":"kinderfeuerwehr-moedesse","status":"publish","type":"page","link":"https:\/\/www.moedesse.de\/?page_id=2238","title":{"rendered":"Kinderfeuerwehr M\u00f6desse"},"content":{"rendered":"\n<p class=\"has-text-align-center\"><strong>Ansprechpartner sind <\/strong><\/p>\n\n\n\n<p class=\"has-text-align-center\">Jenny 0157-55987454<\/p>\n\n\n\n<p class=\"has-text-align-center\">Nico Heuer 0177-2475150<\/p>\n\n\n\n<p>Die Treffen finde alle 14 Tage immer Montags von 17 &#8211; 18 Uhr statt.<\/p>\n\n\n<div class=\"wp-block-image\">\n<figure class=\"aligncenter size-large is-resized\"><a href=\"https:\/\/moedesse.de\/wp-content\/uploads\/2024\/08\/photo_2024-08-20_17-11-56.jpg\"><img loading=\"lazy\" decoding=\"async\" width=\"1024\" height=\"768\" src=\"https:\/\/moedesse.de\/wp-content\/uploads\/2024\/08\/photo_2024-08-20_17-11-56-1024x768.jpg\" alt=\"\" class=\"wp-image-2286\" style=\"width:509px;height:auto\" srcset=\"https:\/\/moedesse.de\/wp-content\/uploads\/2024\/08\/photo_2024-08-20_17-11-56-1024x768.jpg 1024w, https:\/\/moedesse.de\/wp-content\/uploads\/2024\/08\/photo_2024-08-20_17-11-56-300x225.jpg 300w, https:\/\/moedesse.de\/wp-content\/uploads\/2024\/08\/photo_2024-08-20_17-11-56-768x576.jpg 768w, https:\/\/moedesse.de\/wp-content\/uploads\/2024\/08\/photo_2024-08-20_17-11-56-400x300.jpg 400w, https:\/\/moedesse.de\/wp-content\/uploads\/2024\/08\/photo_2024-08-20_17-11-56.jpg 1280w\" sizes=\"auto, (max-width: 1024px) 100vw, 1024px\" \/><\/a><\/figure><\/div>\n\n\n<p>Am 18.08.2024 fiel mit einem bunten Nachmittag am Feuerwehrger\u00e4tehaus der Startschuss f\u00fcr die neu gegr\u00fcndete Kinderfeuerwehr M\u00f6desse.<\/p>\n\n\n\n<figure class=\"wp-block-gallery has-nested-images columns-default is-cropped wp-block-gallery-1 is-layout-flex wp-block-gallery-is-layout-flex\">\n<figure class=\"wp-block-image size-large\"><a href=\"https:\/\/moedesse.de\/wp-content\/uploads\/2024\/08\/photo_2024-08-20_17-11-42.jpg\"><img loading=\"lazy\" decoding=\"async\" width=\"1024\" height=\"768\" data-id=\"2282\" src=\"https:\/\/moedesse.de\/wp-content\/uploads\/2024\/08\/photo_2024-08-20_17-11-42-1024x768.jpg\" alt=\"\" class=\"wp-image-2282\" srcset=\"https:\/\/moedesse.de\/wp-content\/uploads\/2024\/08\/photo_2024-08-20_17-11-42-1024x768.jpg 1024w, https:\/\/moedesse.de\/wp-content\/uploads\/2024\/08\/photo_2024-08-20_17-11-42-300x225.jpg 300w, https:\/\/moedesse.de\/wp-content\/uploads\/2024\/08\/photo_2024-08-20_17-11-42-768x576.jpg 768w, https:\/\/moedesse.de\/wp-content\/uploads\/2024\/08\/photo_2024-08-20_17-11-42-400x300.jpg 400w, https:\/\/moedesse.de\/wp-content\/uploads\/2024\/08\/photo_2024-08-20_17-11-42.jpg 1280w\" sizes=\"auto, (max-width: 1024px) 100vw, 1024px\" \/><\/a><\/figure>\n\n\n\n<figure class=\"wp-block-image size-large\"><a href=\"https:\/\/moedesse.de\/wp-content\/uploads\/2024\/08\/photo_2024-08-20_17-11-46.jpg\"><img loading=\"lazy\" decoding=\"async\" width=\"768\" height=\"1024\" data-id=\"2283\" src=\"https:\/\/moedesse.de\/wp-content\/uploads\/2024\/08\/photo_2024-08-20_17-11-46-768x1024.jpg\" alt=\"\" class=\"wp-image-2283\" srcset=\"https:\/\/moedesse.de\/wp-content\/uploads\/2024\/08\/photo_2024-08-20_17-11-46-768x1024.jpg 768w, https:\/\/moedesse.de\/wp-content\/uploads\/2024\/08\/photo_2024-08-20_17-11-46-225x300.jpg 225w, https:\/\/moedesse.de\/wp-content\/uploads\/2024\/08\/photo_2024-08-20_17-11-46.jpg 960w\" sizes=\"auto, (max-width: 768px) 100vw, 768px\" \/><\/a><\/figure>\n\n\n\n<figure class=\"wp-block-image size-large\"><a href=\"https:\/\/moedesse.de\/wp-content\/uploads\/2024\/08\/photo_2024-08-20_17-11-39.jpg\"><img loading=\"lazy\" decoding=\"async\" width=\"768\" height=\"1024\" data-id=\"2281\" src=\"https:\/\/moedesse.de\/wp-content\/uploads\/2024\/08\/photo_2024-08-20_17-11-39-768x1024.jpg\" alt=\"\" class=\"wp-image-2281\" srcset=\"https:\/\/moedesse.de\/wp-content\/uploads\/2024\/08\/photo_2024-08-20_17-11-39-768x1024.jpg 768w, https:\/\/moedesse.de\/wp-content\/uploads\/2024\/08\/photo_2024-08-20_17-11-39-225x300.jpg 225w, https:\/\/moedesse.de\/wp-content\/uploads\/2024\/08\/photo_2024-08-20_17-11-39.jpg 960w\" sizes=\"auto, (max-width: 768px) 100vw, 768px\" \/><\/a><\/figure>\n<\/figure>\n\n\n\n<figure class=\"wp-block-gallery has-nested-images columns-default is-cropped wp-block-gallery-2 is-layout-flex wp-block-gallery-is-layout-flex\">\n<figure class=\"wp-block-image size-large\"><a href=\"https:\/\/moedesse.de\/wp-content\/uploads\/2024\/08\/photo_2024-08-20_17-11-52.jpg\"><img loading=\"lazy\" decoding=\"async\" width=\"768\" height=\"1024\" data-id=\"2285\" src=\"https:\/\/moedesse.de\/wp-content\/uploads\/2024\/08\/photo_2024-08-20_17-11-52-768x1024.jpg\" alt=\"\" class=\"wp-image-2285\" srcset=\"https:\/\/moedesse.de\/wp-content\/uploads\/2024\/08\/photo_2024-08-20_17-11-52-768x1024.jpg 768w, https:\/\/moedesse.de\/wp-content\/uploads\/2024\/08\/photo_2024-08-20_17-11-52-225x300.jpg 225w, https:\/\/moedesse.de\/wp-content\/uploads\/2024\/08\/photo_2024-08-20_17-11-52.jpg 960w\" sizes=\"auto, (max-width: 768px) 100vw, 768px\" \/><\/a><\/figure>\n\n\n\n<figure class=\"wp-block-image size-large\"><a href=\"https:\/\/moedesse.de\/wp-content\/uploads\/2024\/08\/photo_2024-08-20_17-11-49.jpg\"><img loading=\"lazy\" decoding=\"async\" width=\"768\" height=\"1024\" data-id=\"2284\" src=\"https:\/\/moedesse.de\/wp-content\/uploads\/2024\/08\/photo_2024-08-20_17-11-49-768x1024.jpg\" alt=\"\" class=\"wp-image-2284\" srcset=\"https:\/\/moedesse.de\/wp-content\/uploads\/2024\/08\/photo_2024-08-20_17-11-49-768x1024.jpg 768w, https:\/\/moedesse.de\/wp-content\/uploads\/2024\/08\/photo_2024-08-20_17-11-49-225x300.jpg 225w, https:\/\/moedesse.de\/wp-content\/uploads\/2024\/08\/photo_2024-08-20_17-11-49.jpg 960w\" sizes=\"auto, (max-width: 768px) 100vw, 768px\" \/><\/a><\/figure>\n\n\n\n<figure class=\"wp-block-image size-large\"><a href=\"https:\/\/moedesse.de\/wp-content\/uploads\/2024\/08\/photo_2024-08-20_17-10-52.jpg\"><img loading=\"lazy\" decoding=\"async\" width=\"768\" height=\"1024\" data-id=\"2280\" src=\"https:\/\/moedesse.de\/wp-content\/uploads\/2024\/08\/photo_2024-08-20_17-10-52-768x1024.jpg\" alt=\"\" class=\"wp-image-2280\" srcset=\"https:\/\/moedesse.de\/wp-content\/uploads\/2024\/08\/photo_2024-08-20_17-10-52-768x1024.jpg 768w, https:\/\/moedesse.de\/wp-content\/uploads\/2024\/08\/photo_2024-08-20_17-10-52-225x300.jpg 225w, https:\/\/moedesse.de\/wp-content\/uploads\/2024\/08\/photo_2024-08-20_17-10-52.jpg 960w\" sizes=\"auto, (max-width: 768px) 100vw, 768px\" \/><\/a><\/figure>\n<\/figure>\n\n\n\n<figure class=\"wp-block-image size-large\"><a href=\"https:\/\/moedesse.de\/wp-content\/uploads\/2024\/08\/Peiner-Allgemeine-Zeitung.pdf\"><img loading=\"lazy\" decoding=\"async\" width=\"724\" height=\"1024\" src=\"https:\/\/moedesse.de\/wp-content\/uploads\/2024\/08\/Peiner-Allgemeine-Zeitung-pdf-724x1024.jpg\" alt=\"\" class=\"wp-image-2297\"\/><\/a><figcaption class=\"wp-element-caption\">bitte anklicken f\u00fcr den ganzen Artikel<\/figcaption><\/figure>\n","protected":false},"excerpt":{"rendered":"<p>Ansprechpartner sind Jenny 0157-55987454 Nico Heuer 0177-2475150 Die Treffen finde alle 14 Tage immer Montags von 17 &#8211; 18 Uhr statt. Am 18.08.2024 fiel mit einem bunten Nachmittag am Feuerwehrger\u00e4tehaus der Startschuss f\u00fcr die neu gegr\u00fcndete Kinderfeuerwehr M\u00f6desse.<\/p>\n","protected":false},"author":6,"featured_media":0,"parent":0,"menu_order":0,"comment_status":"closed","ping_status":"closed","template":"","meta":{"_EventAllDay":false,"_EventTimezone":"","_EventStartDate":"","_EventEndDate":"","_EventStartDateUTC":"","_EventEndDateUTC":"","_EventShowMap":false,"_EventShowMapLink":false,"_EventURL":"","_EventCost":"","_EventCostDescription":"","_EventCurrencySymbol":"","_EventCurrencyCode":"","_EventCurrencyPosition":"","_EventDateTimeSeparator":"","_EventTimeRangeSeparator":"","_EventOrganizerID":[],"_EventVenueID":[],"_OrganizerEmail":"","_OrganizerPhone":"","_OrganizerWebsite":"","_VenueAddress":"","_VenueCity":"","_VenueCountry":"","_VenueProvince":"","_VenueState":"","_VenueZip":"","_VenuePhone":"","_VenueURL":"","_VenueStateProvince":"","_VenueLat":"","_VenueLng":"","_VenueShowMap":false,"_VenueShowMapLink":false,"footnotes":""},"class_list":["post-2238","page","type-page","status-publish","hentry"],"_links":{"self":[{"href":"https:\/\/www.moedesse.de\/index.php?rest_route=\/wp\/v2\/pages\/2238","targetHints":{"allow":["GET"]}}],"collection":[{"href":"https:\/\/www.moedesse.de\/index.php?rest_route=\/wp\/v2\/pages"}],"about":[{"href":"https:\/\/www.moedesse.de\/index.php?rest_route=\/wp\/v2\/types\/page"}],"author":[{"embeddable":true,"href":"https:\/\/www.moedesse.de\/index.php?rest_route=\/wp\/v2\/users\/6"}],"replies":[{"embeddable":true,"href":"https:\/\/www.moedesse.de\/index.php?rest_route=%2Fwp%2Fv2%2Fcomments&post=2238"}],"version-history":[{"count":8,"href":"https:\/\/www.moedesse.de\/index.php?rest_route=\/wp\/v2\/pages\/2238\/revisions"}],"predecessor-version":[{"id":2356,"href":"https:\/\/www.moedesse.de\/index.php?rest_route=\/wp\/v2\/pages\/2238\/revisions\/2356"}],"wp:attachment":[{"href":"https:\/\/www.moedesse.de\/index.php?rest_route=%2Fwp%2Fv2%2Fmedia&parent=2238"}],"curies":[{"name":"wp","href":"https:\/\/api.w.org\/{rel}","templated":true}]}}